{"id":13709,"date":"2025-09-08T21:20:25","date_gmt":"2025-09-08T15:20:25","guid":{"rendered":"https:\/\/rktsunagu.com\/?page_id=13709"},"modified":"2025-11-21T09:17:46","modified_gmt":"2025-11-21T03:17:46","slug":"lien-he","status":"publish","type":"page","link":"https:\/\/rktsunagu.com\/vn\/lien-he\/","title":{"rendered":"Li\u00ean h\u1ec7"},"content":{"rendered":"\t<section class=\"section sshp1\" id=\"section_213492296\">\n\t\t<div class=\"bg section-bg fill bg-fill  bg-loaded\">\n\n\t\t\t\n\t\t\t\n\t\t\t\n\n\t\t<\/div>\n\n\t\t\n\n\t\t<div class=\"section-content relative\">\n\t\t\t\n\n  <div class=\"banner has-hover\" id=\"banner-2084284946\">\n          <div class=\"banner-inner fill\">\n        <div class=\"banner-bg fill\">\n            <div class=\"bg fill bg-fill \"><\/div>\n                        <div class=\"overlay\"><\/div>            \n                    <\/div>\n\t\t\n        <div class=\"banner-layers container\">\n            <div class=\"fill banner-link\"><\/div>            \n   <div id=\"text-box-317905327\" class=\"text-box banner-layer x50 md-x50 lg-x50 y90 md-y90 lg-y90 res-text\">\n                                <div class=\"text-box-content text dark\">\n              \n              <div class=\"text-inner text-left\">\n                  \n\t<div id=\"text-3014525380\" class=\"text link-home\">\n\t\t\n<p><a href=\"\/\">TRANG CH\u1ee6<\/a> \/ LI\u00caN H\u1ec6<\/p>\n\t\t\n<style>\n#text-3014525380 {\n  text-align: center;\n  color: rgb(237, 237, 237);\n}\n#text-3014525380 > * {\n  color: rgb(237, 237, 237);\n}\n<\/style>\n\t<\/div>\n\t\n\t<div id=\"text-569293312\" class=\"text title\">\n\t\t\n<p>LI\u00caN H\u1ec6<\/p>\n\t\t\n<style>\n#text-569293312 {\n  text-align: center;\n  color: rgb(255, 255, 255);\n}\n#text-569293312 > * {\n  color: rgb(255, 255, 255);\n}\n<\/style>\n\t<\/div>\n\t\n              <\/div>\n           <\/div>\n                            \n<style>\n#text-box-317905327 {\n  width: 100%;\n}\n#text-box-317905327 .text-box-content {\n  font-size: 100%;\n}\n<\/style>\n    <\/div>\n \n        <\/div>\n      <\/div>\n\n            \n<style>\n#banner-2084284946 {\n  padding-top: 400px;\n  background-color: rgba(0, 0, 0, 0);\n}\n#banner-2084284946 .bg.bg-loaded {\n  background-image: url(https:\/\/rktsunagu.com\/vn\/wp-content\/uploads\/2025\/09\/contact.png);\n}\n#banner-2084284946 .overlay {\n  background-color: rgba(23, 23, 23, 0.65);\n}\n<\/style>\n  <\/div>\n\n\n\t\t<\/div>\n\n\t\t\n<style>\n#section_213492296 {\n  padding-top: 0px;\n  padding-bottom: 0px;\n}\n<\/style>\n\t<\/section>\n\t\n\t<section class=\"section sshp-2\" id=\"section_401882903\">\n\t\t<div class=\"bg section-bg fill bg-fill  bg-loaded\">\n\n\t\t\t\n\t\t\t\n\t\t\t\n\n\t\t<\/div>\n\n\t\t\n\n\t\t<div class=\"section-content relative\">\n\t\t\t\n<div class=\"row\"  id=\"row-1740588580\">\n\n\t<div id=\"col-405980036\" class=\"col medium-6 small-12 large-6\">\n\t\t\t\t<div class=\"col-inner\">\n\t\t\t\n\t\t\t\n\t<div id=\"text-3723977318\" class=\"text title\">\n\t\t\n<p>Li\u00ean H\u1ec7 V\u1edbi Ch\u00fang T\u00f4i<\/p>\n\t\t\n<style>\n#text-3723977318 {\n  color: rgb(18, 18, 18);\n}\n#text-3723977318 > * {\n  color: rgb(18, 18, 18);\n}\n<\/style>\n\t<\/div>\n\t\n\t<div id=\"text-716597031\" class=\"text text-text\">\n\t\t\n<p>RKTsunagu tr\u00e2n tr\u1ecdng s\u1ef1 quan t\u00e2m c\u1ee7a Qu\u00fd \u0111\u1ed1i t\u00e1c.<br \/> Vui l\u00f2ng \u0111\u1ec3 l\u1ea1i th\u00f4ng tin, \u0111\u1ed9i ng\u0169 ch\u00fang t\u00f4i s\u1ebd li\u00ean h\u1ec7 trong th\u1eddi gian s\u1edbm nh\u1ea5t.<\/p>\n\t\t\n<style>\n#text-716597031 {\n  color: rgb(51, 51, 51);\n}\n#text-716597031 > * {\n  color: rgb(51, 51, 51);\n}\n<\/style>\n\t<\/div>\n\t\n\t<div id=\"gap-82661480\" class=\"gap-element clearfix\" style=\"display:block; height:auto;\">\n\t\t\n<style>\n#gap-82661480 {\n  padding-top: 32px;\n}\n<\/style>\n\t<\/div>\n\t\n\n\t\t<\/div>\n\t\t\t\t\n<style>\n#col-405980036 > .col-inner {\n  margin: 0px 0px 24px 0px;\n}\n<\/style>\n\t<\/div>\n\n\t\n\n\t<div id=\"col-1643108797\" class=\"col medium-6 small-12 large-6\">\n\t\t\t\t<div class=\"col-inner\">\n\t\t\t\n\t\t\t\n\n\t\t<div class=\"tabbed-content tab-lh\">\n\t\t\t\n\t\t\t<ul class=\"nav nav-pills nav-uppercase nav-size-normal nav-center\" role=\"tablist\"><li id=\"tab-d\u00e0nh-cho-\u0111\u1ed1i-t\u00e1c\" class=\"tab active has-icon\" role=\"presentation\"><a href=\"#tab_d\u00e0nh-cho-\u0111\u1ed1i-t\u00e1c\" role=\"tab\" aria-selected=\"true\" aria-controls=\"tab_d\u00e0nh-cho-\u0111\u1ed1i-t\u00e1c\"><span>D\u00e0nh cho \u0111\u1ed1i t\u00e1c<\/span><\/a><\/li>\n<li id=\"tab-d\u00e0nh-cho-ng\u01b0\u1eddi-lao-\u0111\u1ed9ng\" class=\"tab has-icon\" role=\"presentation\"><a href=\"#tab_d\u00e0nh-cho-ng\u01b0\u1eddi-lao-\u0111\u1ed9ng\" tabindex=\"-1\" role=\"tab\" aria-selected=\"false\" aria-controls=\"tab_d\u00e0nh-cho-ng\u01b0\u1eddi-lao-\u0111\u1ed9ng\"><span>D\u00e0nh cho ng\u01b0\u1eddi lao \u0111\u1ed9ng<\/span><\/a><\/li><\/ul><div class=\"tab-panels\"><div id=\"tab_d\u00e0nh-cho-\u0111\u1ed1i-t\u00e1c\" class=\"panel active entry-content\" role=\"tabpanel\" aria-labelledby=\"tab-d\u00e0nh-cho-\u0111\u1ed1i-t\u00e1c\">\n<div class=\"row pb0-col\"  id=\"row-800829803\">\n\n\t<div id=\"col-1040618791\" class=\"col small-12 large-12\">\n\t\t\t\t<div class=\"col-inner\">\n\t\t\t\n\t\t\t\n\n<div class=\"wpcf7 no-js\" id=\"wpcf7-f13726-o1\" lang=\"vi\" dir=\"ltr\" data-wpcf7-id=\"13726\">\n<div class=\"screen-reader-response\"><p role=\"status\" aria-live=\"polite\" aria-atomic=\"true\"><\/p> <ul><\/ul><\/div>\n<form action=\"\/vn\/wp-json\/wp\/v2\/pages\/13709#wpcf7-f13726-o1\" method=\"post\" class=\"wpcf7-form init\" aria-label=\"Contact form\" novalidate=\"novalidate\" data-status=\"init\">\n<fieldset class=\"hidden-fields-container\"><input type=\"hidden\" name=\"_wpcf7\" value=\"13726\" \/><input type=\"hidden\" name=\"_wpcf7_version\" value=\"6.1.1\" \/><input type=\"hidden\" name=\"_wpcf7_locale\" value=\"vi\" \/><input type=\"hidden\" name=\"_wpcf7_unit_tag\" value=\"wpcf7-f13726-o1\" \/><input type=\"hidden\" name=\"_wpcf7_container_post\" value=\"0\" \/><input type=\"hidden\" name=\"_wpcf7_posted_data_hash\" value=\"\" \/>\n<\/fieldset>\n<div>\n\t<div class=\"form-ct7t\">\n\t\t<div class=\"flex\" style=\"gap: 16px; flex-direction: column\">\n\t\t\t<div class=\"flex\" style=\"justify-content: space-between;\">\n\t\t\t\t<div style=\"width: 48%\">\n\t\t\t\t\t<p><label for=\"your-name\">H\u1ecd <span>*<\/span><\/label><br \/>\n<span class=\"wpcf7-form-control-wrap\" data-name=\"your-first-name\"><input size=\"40\" maxlength=\"400\" class=\"wpcf7-form-control wpcf7-text wpcf7-validates-as-required\" aria-required=\"true\" aria-invalid=\"false\" value=\"\" type=\"text\" name=\"your-first-name\" \/><\/span>\n\t\t\t\t\t<\/p>\n\t\t\t\t<\/div>\n\t\t\t\t<div style=\"width: 48%\">\n\t\t\t\t\t<p><label for=\"your-email\">T\u00ean <span>*<\/span><\/label><br \/>\n<span class=\"wpcf7-form-control-wrap\" data-name=\"your-last-name\"><input size=\"40\" maxlength=\"400\" class=\"wpcf7-form-control wpcf7-email wpcf7-validates-as-required wpcf7-text wpcf7-validates-as-email\" aria-required=\"true\" aria-invalid=\"false\" value=\"\" type=\"email\" name=\"your-last-name\" \/><\/span>\n\t\t\t\t\t<\/p>\n\t\t\t\t<\/div>\n\t\t\t<\/div>\n\t\t\t<div class=\"flex\" style=\"justify-content: space-between;\">\n\t\t\t\t<div style=\"width: 48%\">\n\t\t\t\t\t<p><label for=\"your-name\">Business Email <span>*<\/span><\/label><br \/>\n<span class=\"wpcf7-form-control-wrap\" data-name=\"your-business-email\"><input size=\"40\" maxlength=\"400\" class=\"wpcf7-form-control wpcf7-text wpcf7-validates-as-required\" aria-required=\"true\" aria-invalid=\"false\" value=\"\" type=\"text\" name=\"your-business-email\" \/><\/span>\n\t\t\t\t\t<\/p>\n\t\t\t\t<\/div>\n\t\t\t\t<div style=\"width: 48%\">\n\t\t\t\t\t<p><label for=\"your-email\">S\u1ed1 \u0111i\u1ec7n tho\u1ea1i <span>*<\/span><\/label><br \/>\n<span class=\"wpcf7-form-control-wrap\" data-name=\"your-phone\"><input size=\"40\" maxlength=\"400\" class=\"wpcf7-form-control wpcf7-email wpcf7-validates-as-required wpcf7-text wpcf7-validates-as-email\" aria-required=\"true\" aria-invalid=\"false\" value=\"\" type=\"email\" name=\"your-phone\" \/><\/span>\n\t\t\t\t\t<\/p>\n\t\t\t\t<\/div>\n\t\t\t<\/div>\n\t\t\t<div class=\"flex\" style=\"justify-content: space-between;\">\n\t\t\t\t<div style=\"width: 48%\">\n\t\t\t\t\t<p><label for=\"your-name\">T\u00ean ng\u00e0nh ngh\u1ec1 <span>*<\/span><\/label><br \/>\n<span class=\"wpcf7-form-control-wrap\" data-name=\"your-job-title\"><input size=\"40\" maxlength=\"400\" class=\"wpcf7-form-control wpcf7-text wpcf7-validates-as-required\" aria-required=\"true\" aria-invalid=\"false\" value=\"\" type=\"text\" name=\"your-job-title\" \/><\/span>\n\t\t\t\t\t<\/p>\n\t\t\t\t<\/div>\n\t\t\t\t<div style=\"width: 48%\">\n\t\t\t\t\t<p><label for=\"your-name\">T\u00ean c\u00f4ng ty <span>*<\/span><\/label><br \/>\n<span class=\"wpcf7-form-control-wrap\" data-name=\"your-company-name\"><input size=\"40\" maxlength=\"400\" class=\"wpcf7-form-control wpcf7-text wpcf7-validates-as-required\" aria-required=\"true\" aria-invalid=\"false\" value=\"\" type=\"text\" name=\"your-company-name\" \/><\/span>\n\t\t\t\t\t<\/p>\n\t\t\t\t<\/div>\n\t\t\t<\/div>\n\t\t\t<div>\n\t\t\t\t<div>\n\t\t\t\t\t<p><label for=\"your-email\">Website URL <span>*<\/span><\/label><br \/>\n<span class=\"wpcf7-form-control-wrap\" data-name=\"your-website-url\"><input size=\"40\" maxlength=\"400\" class=\"wpcf7-form-control wpcf7-email wpcf7-validates-as-required wpcf7-text wpcf7-validates-as-email\" aria-required=\"true\" aria-invalid=\"false\" value=\"\" type=\"email\" name=\"your-website-url\" \/><\/span>\n\t\t\t\t\t<\/p>\n\t\t\t\t<\/div>\n\t\t\t<\/div>\n\t\t\t<div>\n\t\t\t\t<p><label for=\"your-message\">L\u1eddi nh\u1eafn<\/label><br \/>\n<span class=\"wpcf7-form-control-wrap\" data-name=\"your-note\"><textarea cols=\"40\" rows=\"10\" maxlength=\"2000\" class=\"wpcf7-form-control wpcf7-textarea wpcf7-validates-as-required\" aria-required=\"true\" aria-invalid=\"false\" name=\"your-note\"><\/textarea><\/span>\n\t\t\t\t<\/p>\n\t\t\t<\/div>\n\t\t<\/div>\n\t<\/div>\n\t<p><input class=\"wpcf7-form-control wpcf7-submit has-spinner\" type=\"submit\" value=\"\u0110\u0103ng K\u00fd Ngay\" \/>\n\t<\/p>\n\t<p style=\"margin-top: 20px;\"><br \/>\n<span class=\"wpcf7-form-control-wrap\" data-name=\"your-checkbox\"><span class=\"wpcf7-form-control wpcf7-checkbox wpcf7-validates-as-required\"><span class=\"wpcf7-list-item first last\"><input type=\"checkbox\" name=\"your-checkbox[]\" value=\"T\u00f4i \u0111\u1ed3ng \u00fd nh\u1eadn th\u00f4ng tin h\u1ee3p t\u00e1c, d\u1ecbch v\u1ee5 v\u00e0 ch\u01b0\u01a1ng tr\u00ecnh t\u1eeb RKTsunagu.\" \/><span class=\"wpcf7-list-item-label\">T\u00f4i \u0111\u1ed3ng \u00fd nh\u1eadn th\u00f4ng tin h\u1ee3p t\u00e1c, d\u1ecbch v\u1ee5 v\u00e0 ch\u01b0\u01a1ng tr\u00ecnh t\u1eeb RKTsunagu.<\/span><\/span><\/span><\/span>\n\t<\/p>\n<\/div><input type='hidden' class='wpcf7-pum' value='{\"closepopup\":false,\"closedelay\":0,\"openpopup\":false,\"openpopup_id\":0}' \/><div class=\"wpcf7-response-output\" aria-hidden=\"true\"><\/div>\n<\/form>\n<\/div>\n\n\t\t<\/div>\n\t\t\t\t\t<\/div>\n\n\t\n\n<style>\n#row-800829803 > .col > .col-inner {\n  padding: 16px 0px 0px 0px;\n}\n<\/style>\n<\/div>\n<\/div>\n<div id=\"tab_d\u00e0nh-cho-ng\u01b0\u1eddi-lao-\u0111\u1ed9ng\" class=\"panel entry-content\" role=\"tabpanel\" aria-labelledby=\"tab-d\u00e0nh-cho-ng\u01b0\u1eddi-lao-\u0111\u1ed9ng\">\n<div class=\"row pb0-col\"  id=\"row-419186043\">\n\n\t<div id=\"col-955830746\" class=\"col small-12 large-12\">\n\t\t\t\t<div class=\"col-inner\">\n\t\t\t\n\t\t\t\n\n<div class=\"wpcf7 no-js\" id=\"wpcf7-f13779-o2\" lang=\"vi\" dir=\"ltr\" data-wpcf7-id=\"13779\">\n<div class=\"screen-reader-response\"><p role=\"status\" aria-live=\"polite\" aria-atomic=\"true\"><\/p> <ul><\/ul><\/div>\n<form action=\"\/vn\/wp-json\/wp\/v2\/pages\/13709#wpcf7-f13779-o2\" method=\"post\" class=\"wpcf7-form init\" aria-label=\"Contact form\" novalidate=\"novalidate\" data-status=\"init\">\n<fieldset class=\"hidden-fields-container\"><input type=\"hidden\" name=\"_wpcf7\" value=\"13779\" \/><input type=\"hidden\" name=\"_wpcf7_version\" value=\"6.1.1\" \/><input type=\"hidden\" name=\"_wpcf7_locale\" value=\"vi\" \/><input type=\"hidden\" name=\"_wpcf7_unit_tag\" value=\"wpcf7-f13779-o2\" \/><input type=\"hidden\" name=\"_wpcf7_container_post\" value=\"0\" \/><input type=\"hidden\" name=\"_wpcf7_posted_data_hash\" value=\"\" \/>\n<\/fieldset>\n<div>\n\t<div class=\"form-ct7t\">\n\t\t<div class=\"flex\" style=\"gap: 16px; flex-direction: column\">\n\t\t\t<div class=\"flex\" style=\"justify-content: space-between;\">\n\t\t\t\t<div style=\"width: 48%\">\n\t\t\t\t\t<p><label for=\"your-name\">H\u1ecd <span>*<\/span><\/label><br \/>\n<span class=\"wpcf7-form-control-wrap\" data-name=\"your-first-name\"><input size=\"40\" maxlength=\"400\" class=\"wpcf7-form-control wpcf7-text wpcf7-validates-as-required\" aria-required=\"true\" aria-invalid=\"false\" value=\"\" type=\"text\" name=\"your-first-name\" \/><\/span>\n\t\t\t\t\t<\/p>\n\t\t\t\t<\/div>\n\t\t\t\t<div style=\"width: 48%\">\n\t\t\t\t\t<p><label for=\"your-email\">T\u00ean <span>*<\/span><\/label><br \/>\n<span class=\"wpcf7-form-control-wrap\" data-name=\"your-last-name\"><input size=\"40\" maxlength=\"400\" class=\"wpcf7-form-control wpcf7-email wpcf7-validates-as-required wpcf7-text wpcf7-validates-as-email\" aria-required=\"true\" aria-invalid=\"false\" value=\"\" type=\"email\" name=\"your-last-name\" \/><\/span>\n\t\t\t\t\t<\/p>\n\t\t\t\t<\/div>\n\t\t\t<\/div>\n\t\t\t<div class=\"flex\" style=\"justify-content: space-between;\">\n\t\t\t\t<div style=\"width: 48%\">\n\t\t\t\t\t<p><label for=\"your-name\">Email <span>*<\/span><\/label><br \/>\n<span class=\"wpcf7-form-control-wrap\" data-name=\"your-email\"><input size=\"40\" maxlength=\"400\" class=\"wpcf7-form-control wpcf7-text wpcf7-validates-as-required\" aria-required=\"true\" aria-invalid=\"false\" value=\"\" type=\"text\" name=\"your-email\" \/><\/span>\n\t\t\t\t\t<\/p>\n\t\t\t\t<\/div>\n\t\t\t\t<div style=\"width: 48%\">\n\t\t\t\t\t<p><label for=\"your-email\">S\u1ed1 \u0111i\u1ec7n tho\u1ea1i <span>*<\/span><\/label><br \/>\n<span class=\"wpcf7-form-control-wrap\" data-name=\"your-phone\"><input size=\"40\" maxlength=\"400\" class=\"wpcf7-form-control wpcf7-email wpcf7-validates-as-required wpcf7-text wpcf7-validates-as-email\" aria-required=\"true\" aria-invalid=\"false\" value=\"\" type=\"email\" name=\"your-phone\" \/><\/span>\n\t\t\t\t\t<\/p>\n\t\t\t\t<\/div>\n\t\t\t<\/div>\n\t\t\t<div>\n\t\t\t\t<p><label for=\"your-email\">C\u00f4ng vi\u1ec7c mong mu\u1ed1n <span>*<\/span><\/label><br \/>\n<span class=\"wpcf7-form-control-wrap\" data-name=\"your-job\"><input size=\"40\" maxlength=\"400\" class=\"wpcf7-form-control wpcf7-text wpcf7-validates-as-required\" aria-required=\"true\" aria-invalid=\"false\" value=\"\" type=\"text\" name=\"your-job\" \/><\/span>\n\t\t\t\t<\/p>\n\t\t\t<\/div>\n\t\t\t<div>\n\t\t\t\t<p><label for=\"your-message\">L\u1eddi nh\u1eafn<\/label><br \/>\n<span class=\"wpcf7-form-control-wrap\" data-name=\"your-note\"><textarea cols=\"40\" rows=\"10\" maxlength=\"2000\" class=\"wpcf7-form-control wpcf7-textarea wpcf7-validates-as-required\" aria-required=\"true\" aria-invalid=\"false\" name=\"your-note\"><\/textarea><\/span>\n\t\t\t\t<\/p>\n\t\t\t<\/div>\n\t\t<\/div>\n\t<\/div>\n\t<p><input class=\"wpcf7-form-control wpcf7-submit has-spinner\" type=\"submit\" value=\"\u0110\u0103ng K\u00fd Ngay\" \/>\n\t<\/p>\n\t<p style=\"margin-top: 20px;\"><br \/>\n<span class=\"wpcf7-form-control-wrap\" data-name=\"your-checkbox\"><span class=\"wpcf7-form-control wpcf7-checkbox wpcf7-validates-as-required\"><span class=\"wpcf7-list-item first last\"><input type=\"checkbox\" name=\"your-checkbox[]\" value=\"T\u00f4i \u0111\u1ed3ng \u00fd nh\u1eadn th\u00f4ng tin h\u1ee3p t\u00e1c, d\u1ecbch v\u1ee5 v\u00e0 ch\u01b0\u01a1ng tr\u00ecnh t\u1eeb RKTsunagu.\" \/><span class=\"wpcf7-list-item-label\">T\u00f4i \u0111\u1ed3ng \u00fd nh\u1eadn th\u00f4ng tin h\u1ee3p t\u00e1c, d\u1ecbch v\u1ee5 v\u00e0 ch\u01b0\u01a1ng tr\u00ecnh t\u1eeb RKTsunagu.<\/span><\/span><\/span><\/span>\n\t<\/p>\n<\/div><input type='hidden' class='wpcf7-pum' value='{\"closepopup\":false,\"closedelay\":0,\"openpopup\":false,\"openpopup_id\":0}' \/><div class=\"wpcf7-response-output\" aria-hidden=\"true\"><\/div>\n<\/form>\n<\/div>\n\n\t\t<\/div>\n\t\t\t\t\t<\/div>\n\n\t\n\n<style>\n#row-419186043 > .col > .col-inner {\n  padding: 16px 0px 0px 0px;\n}\n@media (min-width:550px) {\n  #row-419186043 > .col > .col-inner {\n    padding: 16px 0px 0px 0px;\n  }\n}\n<\/style>\n<\/div>\n<\/div><\/div><\/div>\n\t\t<\/div>\n\t\t\t\t\t<\/div>\n\n\t\n<\/div>\n\t\t<\/div>\n\n\t\t\n<style>\n#section_401882903 {\n  padding-top: 48px;\n  padding-bottom: 48px;\n}\n@media (min-width:550px) {\n  #section_401882903 {\n    padding-top: 80px;\n    padding-bottom: 80px;\n  }\n}\n<\/style>\n\t<\/section>\n\t\n","protected":false},"excerpt":{"rendered":"","protected":false},"author":2,"featured_media":0,"parent":0,"menu_order":0,"comment_status":"closed","ping_status":"closed","template":"page-blank.php","meta":{"_acf_changed":false,"footnotes":""},"class_list":["post-13709","page","type-page","status-publish","hentry"],"acf":[],"yoast_head":"<!-- This site is optimized with the Yoast SEO plugin v25.8 - https:\/\/yoast.com\/wordpress\/plugins\/seo\/ -->\n<title>Li\u00ean h\u1ec7 - RKTsunagu<\/title>\n<meta name=\"robots\" content=\"index, follow, max-snippet:-1, max-image-preview:large, max-video-preview:-1\" \/>\n<link rel=\"canonical\" href=\"https:\/\/rktsunagu.com\/vn\/lien-he\/\" \/>\n<meta property=\"og:locale\" content=\"vi_VN\" \/>\n<meta property=\"og:type\" content=\"article\" \/>\n<meta property=\"og:title\" content=\"Li\u00ean h\u1ec7 - RKTsunagu\" \/>\n<meta property=\"og:url\" content=\"https:\/\/rktsunagu.com\/vn\/lien-he\/\" \/>\n<meta property=\"og:site_name\" content=\"RKTsunagu\" \/>\n<meta property=\"article:publisher\" content=\"https:\/\/www.facebook.com\/rikkeiacademy\" \/>\n<meta property=\"article:modified_time\" content=\"2025-11-21T03:17:46+00:00\" \/>\n<meta name=\"twitter:card\" content=\"summary_large_image\" \/>\n<meta name=\"twitter:site\" content=\"@KiuLin18641762\" \/>\n<script type=\"application\/ld+json\" class=\"yoast-schema-graph\">{\"@context\":\"https:\/\/schema.org\",\"@graph\":[{\"@type\":\"WebPage\",\"@id\":\"https:\/\/rktsunagu.com\/vn\/lien-he\/\",\"url\":\"https:\/\/rktsunagu.com\/vn\/lien-he\/\",\"name\":\"Li\u00ean h\u1ec7 - RKTsunagu\",\"isPartOf\":{\"@id\":\"https:\/\/rktsunagu.com\/vn\/#website\"},\"datePublished\":\"2025-09-08T15:20:25+00:00\",\"dateModified\":\"2025-11-21T03:17:46+00:00\",\"breadcrumb\":{\"@id\":\"https:\/\/rktsunagu.com\/vn\/lien-he\/#breadcrumb\"},\"inLanguage\":\"vi\",\"potentialAction\":[{\"@type\":\"ReadAction\",\"target\":[\"https:\/\/rktsunagu.com\/vn\/lien-he\/\"]}]},{\"@type\":\"BreadcrumbList\",\"@id\":\"https:\/\/rktsunagu.com\/vn\/lien-he\/#breadcrumb\",\"itemListElement\":[{\"@type\":\"ListItem\",\"position\":1,\"name\":\"Trang ch\u1ee7\",\"item\":\"https:\/\/rktsunagu.com\/vn\/\"},{\"@type\":\"ListItem\",\"position\":2,\"name\":\"Li\u00ean h\u1ec7\"}]},{\"@type\":\"WebSite\",\"@id\":\"https:\/\/rktsunagu.com\/vn\/#website\",\"url\":\"https:\/\/rktsunagu.com\/vn\/\",\"name\":\"RKTsunagu\",\"description\":\"RKTsunagu\",\"publisher\":{\"@id\":\"https:\/\/rktsunagu.com\/vn\/#organization\"},\"potentialAction\":[{\"@type\":\"SearchAction\",\"target\":{\"@type\":\"EntryPoint\",\"urlTemplate\":\"https:\/\/rktsunagu.com\/vn\/?s={search_term_string}\"},\"query-input\":{\"@type\":\"PropertyValueSpecification\",\"valueRequired\":true,\"valueName\":\"search_term_string\"}}],\"inLanguage\":\"vi\"},{\"@type\":\"Organization\",\"@id\":\"https:\/\/rktsunagu.com\/vn\/#organization\",\"name\":\"Rikkei Academy - \u0110\u1ec3 n\u00f4ng d\u00e2n bi\u1ebft code\",\"url\":\"https:\/\/rktsunagu.com\/vn\/\",\"logo\":{\"@type\":\"ImageObject\",\"inLanguage\":\"vi\",\"@id\":\"https:\/\/rktsunagu.com\/vn\/#\/schema\/logo\/image\/\",\"url\":\"https:\/\/rikkei.edu.vn\/wp-content\/uploads\/2022\/07\/1bf78b8067d7a489fdc6.jpg\",\"contentUrl\":\"https:\/\/rikkei.edu.vn\/wp-content\/uploads\/2022\/07\/1bf78b8067d7a489fdc6.jpg\",\"width\":3750,\"height\":3750,\"caption\":\"Rikkei Academy - \u0110\u1ec3 n\u00f4ng d\u00e2n bi\u1ebft code\"},\"image\":{\"@id\":\"https:\/\/rktsunagu.com\/vn\/#\/schema\/logo\/image\/\"},\"sameAs\":[\"https:\/\/www.facebook.com\/rikkeiacademy\",\"https:\/\/x.com\/KiuLin18641762\",\"https:\/\/www.instagram.com\/rikkei_academy\/\",\"https:\/\/www.pinterest.com\/rikkeiacademy\",\"https:\/\/bit.ly\/subrikkei\"]}]}<\/script>\n<!-- \/ Yoast SEO plugin. -->","yoast_head_json":{"title":"Li\u00ean h\u1ec7 - RKTsunagu","robots":{"index":"index","follow":"follow","max-snippet":"max-snippet:-1","max-image-preview":"max-image-preview:large","max-video-preview":"max-video-preview:-1"},"canonical":"https:\/\/rktsunagu.com\/vn\/lien-he\/","og_locale":"vi_VN","og_type":"article","og_title":"Li\u00ean h\u1ec7 - RKTsunagu","og_url":"https:\/\/rktsunagu.com\/vn\/lien-he\/","og_site_name":"RKTsunagu","article_publisher":"https:\/\/www.facebook.com\/rikkeiacademy","article_modified_time":"2025-11-21T03:17:46+00:00","twitter_card":"summary_large_image","twitter_site":"@KiuLin18641762","schema":{"@context":"https:\/\/schema.org","@graph":[{"@type":"WebPage","@id":"https:\/\/rktsunagu.com\/vn\/lien-he\/","url":"https:\/\/rktsunagu.com\/vn\/lien-he\/","name":"Li\u00ean h\u1ec7 - RKTsunagu","isPartOf":{"@id":"https:\/\/rktsunagu.com\/vn\/#website"},"datePublished":"2025-09-08T15:20:25+00:00","dateModified":"2025-11-21T03:17:46+00:00","breadcrumb":{"@id":"https:\/\/rktsunagu.com\/vn\/lien-he\/#breadcrumb"},"inLanguage":"vi","potentialAction":[{"@type":"ReadAction","target":["https:\/\/rktsunagu.com\/vn\/lien-he\/"]}]},{"@type":"BreadcrumbList","@id":"https:\/\/rktsunagu.com\/vn\/lien-he\/#breadcrumb","itemListElement":[{"@type":"ListItem","position":1,"name":"Trang ch\u1ee7","item":"https:\/\/rktsunagu.com\/vn\/"},{"@type":"ListItem","position":2,"name":"Li\u00ean h\u1ec7"}]},{"@type":"WebSite","@id":"https:\/\/rktsunagu.com\/vn\/#website","url":"https:\/\/rktsunagu.com\/vn\/","name":"RKTsunagu","description":"RKTsunagu","publisher":{"@id":"https:\/\/rktsunagu.com\/vn\/#organization"},"potentialAction":[{"@type":"SearchAction","target":{"@type":"EntryPoint","urlTemplate":"https:\/\/rktsunagu.com\/vn\/?s={search_term_string}"},"query-input":{"@type":"PropertyValueSpecification","valueRequired":true,"valueName":"search_term_string"}}],"inLanguage":"vi"},{"@type":"Organization","@id":"https:\/\/rktsunagu.com\/vn\/#organization","name":"Rikkei Academy - \u0110\u1ec3 n\u00f4ng d\u00e2n bi\u1ebft code","url":"https:\/\/rktsunagu.com\/vn\/","logo":{"@type":"ImageObject","inLanguage":"vi","@id":"https:\/\/rktsunagu.com\/vn\/#\/schema\/logo\/image\/","url":"https:\/\/rikkei.edu.vn\/wp-content\/uploads\/2022\/07\/1bf78b8067d7a489fdc6.jpg","contentUrl":"https:\/\/rikkei.edu.vn\/wp-content\/uploads\/2022\/07\/1bf78b8067d7a489fdc6.jpg","width":3750,"height":3750,"caption":"Rikkei Academy - \u0110\u1ec3 n\u00f4ng d\u00e2n bi\u1ebft code"},"image":{"@id":"https:\/\/rktsunagu.com\/vn\/#\/schema\/logo\/image\/"},"sameAs":["https:\/\/www.facebook.com\/rikkeiacademy","https:\/\/x.com\/KiuLin18641762","https:\/\/www.instagram.com\/rikkei_academy\/","https:\/\/www.pinterest.com\/rikkeiacademy","https:\/\/bit.ly\/subrikkei"]}]}},"_links":{"self":[{"href":"https:\/\/rktsunagu.com\/vn\/wp-json\/wp\/v2\/pages\/13709","targetHints":{"allow":["GET"]}}],"collection":[{"href":"https:\/\/rktsunagu.com\/vn\/wp-json\/wp\/v2\/pages"}],"about":[{"href":"https:\/\/rktsunagu.com\/vn\/wp-json\/wp\/v2\/types\/page"}],"author":[{"embeddable":true,"href":"https:\/\/rktsunagu.com\/vn\/wp-json\/wp\/v2\/users\/2"}],"replies":[{"embeddable":true,"href":"https:\/\/rktsunagu.com\/vn\/wp-json\/wp\/v2\/comments?post=13709"}],"version-history":[{"count":17,"href":"https:\/\/rktsunagu.com\/vn\/wp-json\/wp\/v2\/pages\/13709\/revisions"}],"predecessor-version":[{"id":15011,"href":"https:\/\/rktsunagu.com\/vn\/wp-json\/wp\/v2\/pages\/13709\/revisions\/15011"}],"wp:attachment":[{"href":"https:\/\/rktsunagu.com\/vn\/wp-json\/wp\/v2\/media?parent=13709"}],"curies":[{"name":"wp","href":"https:\/\/api.w.org\/{rel}","templated":true}]}}